{"id":17489,"date":"2025-07-05T18:43:24","date_gmt":"2025-07-05T18:43:24","guid":{"rendered":"https:\/\/heli-flight.wl2d.net\/?page_id=17489"},"modified":"2025-11-06T07:58:46","modified_gmt":"2025-11-06T07:58:46","slug":"impressum","status":"publish","type":"page","link":"https:\/\/heli-flight.wl2d.net\/en\/impressum\/","title":{"rendered":"Imprint"},"content":{"rendered":"<div data-elementor-type=\"wp-page\" data-elementor-id=\"17489\" class=\"elementor elementor-17489\" data-elementor-post-type=\"page\">\n\t\t\t\t        <section class=\"elementor-section elementor-top-section elementor-element elementor-element-b2f1f01 elementor-section-stretched elementor-section-boxed elementor-section-height-default elementor-section-height-default pxl-row-scroll-none pxl-zoom-point-false pxl-section-overflow-visible\" data-id=\"b2f1f01\" data-element_type=\"section\" data-settings=\"{&quot;stretch_section&quot;:&quot;section-stretched&quot;,&quot;background_background&quot;:&quot;classic&quot;}\">\n\n                            <div class=\"elementor-background-overlay\"><\/div>\n            \n                <div class=\"elementor-container elementor-column-gap-extended\">\n                <div class=\"elementor-column elementor-col-100 elementor-top-column elementor-element elementor-element-c3fa0cf pxl-column-none pxl-column-overflow-hidden-no\" data-id=\"c3fa0cf\" data-element_type=\"column\">\r\n        <div class=\"elementor-widget-wrap elementor-element-populated\">\r\n                     \r\n        \t\t<div class=\"elementor-element elementor-element-34ec6c8 elementor-widget elementor-widget-pxl_heading\" data-id=\"34ec6c8\" data-element_type=\"widget\" data-widget_type=\"pxl_heading.default\">\n\t\t\t\t<div class=\"elementor-widget-container\">\n\t\t\t\t\t\n<div id=\"pxl-pxl_heading-34ec6c8-1447\" class=\"pxl-heading px-sub-title-default-style\">\n\t<div class=\"pxl-heading--inner\">\n\t\t\n\t\t<h3 class=\"pxl-item--title style-default ft-gt highlight-default\" data-wow-delay=\"ms\">\n\t\t\t\t\t\t\tImprint\t\n\t\t\t\t\n\t\t<\/h3>\n\t\t\n\t<\/div>\n<\/div>\t\t\t\t<\/div>\n\t\t\t\t<\/div>\n\t\t\t\t<div class=\"elementor-element elementor-element-1aed319 elementor-widget-divider--view-line elementor-widget elementor-widget-divider\" data-id=\"1aed319\" data-element_type=\"widget\" data-widget_type=\"divider.default\">\n\t\t\t\t<div class=\"elementor-widget-container\">\n\t\t\t\t\t\t\t<div class=\"elementor-divider\">\n\t\t\t<span class=\"elementor-divider-separator\">\n\t\t\t\t\t\t<\/span>\n\t\t<\/div>\n\t\t\t\t\t\t<\/div>\n\t\t\t\t<\/div>\n\t\t\t\t<div class=\"elementor-element elementor-element-614d153 elementor-widget-divider--view-line elementor-widget elementor-widget-divider\" data-id=\"614d153\" data-element_type=\"widget\" data-widget_type=\"divider.default\">\n\t\t\t\t<div class=\"elementor-widget-container\">\n\t\t\t\t\t\t\t<div class=\"elementor-divider\">\n\t\t\t<span class=\"elementor-divider-separator\">\n\t\t\t\t\t\t<\/span>\n\t\t<\/div>\n\t\t\t\t\t\t<\/div>\n\t\t\t\t<\/div>\n\t\t\t\t<div class=\"elementor-element elementor-element-b9784d8 elementor-widget elementor-widget-pxl_breadcrumb\" data-id=\"b9784d8\" data-element_type=\"widget\" data-widget_type=\"pxl_breadcrumb.default\">\n\t\t\t\t<div class=\"elementor-widget-container\">\n\t\t\t\t\t<div class=\"pxl-breadcrumb-wrap\">\n\t<ul class=\"pxl-breadcrumb\"><li><span class=\"breadcrumb-entry\">Home<\/span><\/li><\/ul><\/div>\t\t\t\t<\/div>\n\t\t\t\t<\/div>\n\t\t            <\/div>\r\n        <\/div>\r\n        \t\t\t<\/div>\n\t\t<\/section>\n\t\t        <section class=\"elementor-section elementor-top-section elementor-element elementor-element-fa533f7 elementor-section-stretched pxl-row-scroll-fixed elementor-section-boxed elementor-section-height-default elementor-section-height-default pxl-zoom-point-false pxl-section-overflow-visible\" data-id=\"fa533f7\" data-element_type=\"section\" data-settings=\"{&quot;stretch_section&quot;:&quot;section-stretched&quot;}\">\n\n                \n                <div class=\"elementor-container elementor-column-gap-extended\">\n                <div class=\"elementor-column elementor-col-100 elementor-top-column elementor-element elementor-element-71fc56b pxl-column-none pxl-column-overflow-hidden-no\" data-id=\"71fc56b\" data-element_type=\"column\">\r\n        <div class=\"elementor-widget-wrap elementor-element-populated\">\r\n                     \r\n        \t\t<div class=\"elementor-element elementor-element-c7d21a5 elementor-widget elementor-widget-pxl_text_editor\" data-id=\"c7d21a5\" data-element_type=\"widget\" data-widget_type=\"pxl_text_editor.default\">\n\t\t\t\t<div class=\"elementor-widget-container\">\n\t\t\t\t\t<div class=\"pxl-text-editor\">\n\t<div class=\"pxl-item--inner\" data-wow-delay=\"ms\">\n\t\t<p data-start=\"201\" data-end=\"226\"><strong data-start=\"201\" data-end=\"226\">Information according to \u00a7 5 TMG<\/strong><\/p><p data-start=\"228\" data-end=\"305\"><strong data-start=\"228\" data-end=\"253\">HELI-FLIGHT JLR gGmbH<\/strong><br data-start=\"253\" data-end=\"256\" \/>Am Flugplatz<br data-start=\"268\" data-end=\"271\" \/>D-61203 Reichelsheim<br data-start=\"291\" data-end=\"294\" \/>Germany<\/p><p data-start=\"307\" data-end=\"420\"><strong data-start=\"307\" data-end=\"347\">Represented by the managing directors:<\/strong><br data-start=\"347\" data-end=\"350\" \/>Ole Gehrmann, Frank Zabell<br data-start=\"376\" data-end=\"379\" \/>Member of the Management Board: Jan Sobick<\/p><p data-start=\"422\" data-end=\"551\"><strong data-start=\"422\" data-end=\"439\">Supervisory Board:<\/strong><br data-start=\"439\" data-end=\"442\" \/>Chairman: Oliver Meermann<br data-start=\"471\" data-end=\"474\" \/>Deputy Chairman: Peter Kaimer<br data-start=\"518\" data-end=\"521\" \/>Member: Wolf-Teja v. Rebenau<\/p><p data-start=\"553\" data-end=\"741\"><strong data-start=\"553\" data-end=\"565\">Contact:<\/strong><br data-start=\"565\" data-end=\"568\" \/>Phone: +49 (6035) 91000<br data-start=\"593\" data-end=\"596\" \/>Fax: +49 (6035) 910025<br data-start=\"622\" data-end=\"625\" \/>E-Mail: <a class=\"cursor-pointer\" href=\"\/en\/_wp_link_placeholder\/\" rel=\"noopener\" data-start=\"633\" data-end=\"682\" data-wplink-edit=\"true\">info@heli-flight.de<\/a><br data-start=\"682\" data-end=\"685\" \/>Website: <a class=\"\" href=\"http:\/\/www.heli-flight.de\" target=\"_new\" rel=\"noopener\" data-start=\"694\" data-end=\"741\">www.heli-flight.de<\/a><\/p><p data-start=\"743\" data-end=\"863\"><strong data-start=\"743\" data-end=\"763\">Register entry:<\/strong><br data-start=\"763\" data-end=\"766\" \/>Registered in the commercial register.<br data-start=\"797\" data-end=\"800\" \/>Register court: Gie\u00dfen Local Court<br data-start=\"835\" data-end=\"838\" \/>Register number: HRB 10127<\/p><p data-start=\"865\" data-end=\"949\"><strong data-start=\"865\" data-end=\"935\">Value added tax identification number in accordance with \u00a7 27a of the Value Added Tax Act:<\/strong><br data-start=\"935\" data-end=\"938\" \/>DE255798231<\/p><p data-start=\"956\" data-end=\"1393\"><strong data-start=\"956\" data-end=\"972\">Copyright<\/strong><br data-start=\"972\" data-end=\"975\" \/>The content and structure of this website are protected by copyright. Duplication, processing, distribution and any form of commercialization of such material beyond the scope of the copyright law shall require the prior written consent of HELI-FLIGHT JLR gGmbH. Downloads and copies of this site are only permitted for private, non-commercial use. Infringements will be prosecuted under civil and criminal law.<\/p><p><strong data-start=\"1400\" data-end=\"1422\">Disclaimer<br \/><\/strong>The content of this website has been created with the greatest possible care. We assume no liability for the accuracy, completeness and up-to-dateness of the content. The use of the contents of the website is at the user's own risk. Linked external websites of third parties are outside our area of responsibility. The respective provider is always responsible for their content.<\/p><p><strong data-start=\"1822\" data-end=\"1841\">Scope of application<br \/><\/strong>This legal notice also applies to our social media presences:<\/p><p data-start=\"1910\" data-end=\"2002\">Facebook: <a class=\"\" href=\"https:\/\/www.facebook.com\/heliflightgermany\" target=\"_new\" rel=\"noopener\" data-start=\"1920\" data-end=\"2000\">www.facebook.com\/heliflightgermany<\/a><br \/>Instagram: <a class=\"\" href=\"https:\/\/www.instagram.com\/heli_flight_jlr_ggmbh\" target=\"_new\" rel=\"noopener\" data-start=\"2016\" data-end=\"2088\">heli_flight_jlr_ggmbh<\/a><\/p><p><strong data-start=\"2095\" data-end=\"2136\">General Terms and Conditions (AGB)<br \/><\/strong>You can find our General Terms and Conditions (as of 01.09.2011) here: <a class=\"\" href=\"https:\/\/heli-flight.wl2d.net\/wp-content\/uploads\/2025\/07\/AGB-HELI-FLIGHT-092011.pdf\" rel=\"noopener\" data-start=\"2216\" data-end=\"2229\">Download<\/a><\/p>\t\t\n\t<\/div>\n<\/div>\t\t\t\t<\/div>\n\t\t\t\t<\/div>\n\t\t            <\/div>\r\n        <\/div>\r\n        \t\t\t<\/div>\n\t\t<\/section>\n\t\t\t\t<\/div>","protected":false},"excerpt":{"rendered":"<p>Impressum Home Angaben gem\u00e4\u00df \u00a7\u202f5 TMG HELI-FLIGHT JLR gGmbHAm FlugplatzD-61203 ReichelsheimDeutschland Vertreten durch die Gesch\u00e4ftsf\u00fchrer:Ole Gehrmann, Frank ZabellMitglied der Gesch\u00e4ftsf\u00fchrung: Jan Sobick Aufsichtsrat:Vorsitzender: Oliver MeermannStellvertretender Vorsitzender: Peter KaimerMitglied: Wolf-Teja v. Rebenau Kontakt:Telefon: +49 (6035) 91000Telefax: +49 (6035) 910025E-Mail: info@heli-flight.deWebsite: www.heli-flight.de Registereintrag:Eingetragen im Handelsregister.Registergericht: Amtsgericht Gie\u00dfenRegisternummer: HRB 10127 Umsatzsteuer-Identifikationsnummer gem\u00e4\u00df \u00a7\u202f27a Umsatzsteuergesetz:DE255798231 UrheberrechtDie Inhalte und die [&hellip;]<\/p>","protected":false},"author":1,"featured_media":0,"parent":0,"menu_order":0,"comment_status":"closed","ping_status":"closed","template":"","meta":{"footnotes":""},"class_list":["post-17489","page","type-page","status-publish","hentry"],"_links":{"self":[{"href":"https:\/\/heli-flight.wl2d.net\/en\/wp-json\/wp\/v2\/pages\/17489","targetHints":{"allow":["GET"]}}],"collection":[{"href":"https:\/\/heli-flight.wl2d.net\/en\/wp-json\/wp\/v2\/pages"}],"about":[{"href":"https:\/\/heli-flight.wl2d.net\/en\/wp-json\/wp\/v2\/types\/page"}],"author":[{"embeddable":true,"href":"https:\/\/heli-flight.wl2d.net\/en\/wp-json\/wp\/v2\/users\/1"}],"replies":[{"embeddable":true,"href":"https:\/\/heli-flight.wl2d.net\/en\/wp-json\/wp\/v2\/comments?post=17489"}],"version-history":[{"count":19,"href":"https:\/\/heli-flight.wl2d.net\/en\/wp-json\/wp\/v2\/pages\/17489\/revisions"}],"predecessor-version":[{"id":19730,"href":"https:\/\/heli-flight.wl2d.net\/en\/wp-json\/wp\/v2\/pages\/17489\/revisions\/19730"}],"wp:attachment":[{"href":"https:\/\/heli-flight.wl2d.net\/en\/wp-json\/wp\/v2\/media?parent=17489"}],"curies":[{"name":"wp","href":"https:\/\/api.w.org\/{rel}","templated":true}]}}