{"id":17496,"date":"2025-07-05T18:53:00","date_gmt":"2025-07-05T18:53:00","guid":{"rendered":"https:\/\/heli-flight.wl2d.net\/?page_id=17496"},"modified":"2025-08-05T20:34:39","modified_gmt":"2025-08-05T20:34:39","slug":"datenschutzerklaerung","status":"publish","type":"page","link":"https:\/\/heli-flight.wl2d.net\/en\/datenschutzerklaerung\/","title":{"rendered":"Privacy policy"},"content":{"rendered":"<div data-elementor-type=\"wp-page\" data-elementor-id=\"17496\" class=\"elementor elementor-17496\" data-elementor-post-type=\"page\">\n\t\t\t\t        <section class=\"elementor-section elementor-top-section elementor-element elementor-element-b2f1f01 elementor-section-stretched elementor-section-boxed elementor-section-height-default elementor-section-height-default pxl-row-scroll-none pxl-zoom-point-false pxl-section-overflow-visible\" data-id=\"b2f1f01\" data-element_type=\"section\" data-settings=\"{&quot;stretch_section&quot;:&quot;section-stretched&quot;,&quot;background_background&quot;:&quot;classic&quot;}\">\n\n                            <div class=\"elementor-background-overlay\"><\/div>\n            \n                <div class=\"elementor-container elementor-column-gap-extended\">\n                <div class=\"elementor-column elementor-col-100 elementor-top-column elementor-element elementor-element-c3fa0cf pxl-column-none pxl-column-overflow-hidden-no\" data-id=\"c3fa0cf\" data-element_type=\"column\">\r\n        <div class=\"elementor-widget-wrap elementor-element-populated\">\r\n                     \r\n        \t\t<div class=\"elementor-element elementor-element-34ec6c8 elementor-widget elementor-widget-pxl_heading\" data-id=\"34ec6c8\" data-element_type=\"widget\" data-widget_type=\"pxl_heading.default\">\n\t\t\t\t<div class=\"elementor-widget-container\">\n\t\t\t\t\t\n<div id=\"pxl-pxl_heading-34ec6c8-8969\" class=\"pxl-heading px-sub-title-default-style\">\n\t<div class=\"pxl-heading--inner\">\n\t\t\n\t\t<h3 class=\"pxl-item--title style-default ft-gt highlight-default\" data-wow-delay=\"ms\">\n\t\t\t\t\t\t\tPrivacy policy\t\n\t\t\t\t\n\t\t<\/h3>\n\t\t\n\t<\/div>\n<\/div>\t\t\t\t<\/div>\n\t\t\t\t<\/div>\n\t\t\t\t<div class=\"elementor-element elementor-element-1aed319 elementor-widget-divider--view-line elementor-widget elementor-widget-divider\" data-id=\"1aed319\" data-element_type=\"widget\" data-widget_type=\"divider.default\">\n\t\t\t\t<div class=\"elementor-widget-container\">\n\t\t\t\t\t\t\t<div class=\"elementor-divider\">\n\t\t\t<span class=\"elementor-divider-separator\">\n\t\t\t\t\t\t<\/span>\n\t\t<\/div>\n\t\t\t\t\t\t<\/div>\n\t\t\t\t<\/div>\n\t\t\t\t<div class=\"elementor-element elementor-element-614d153 elementor-widget-divider--view-line elementor-widget elementor-widget-divider\" data-id=\"614d153\" data-element_type=\"widget\" data-widget_type=\"divider.default\">\n\t\t\t\t<div class=\"elementor-widget-container\">\n\t\t\t\t\t\t\t<div class=\"elementor-divider\">\n\t\t\t<span class=\"elementor-divider-separator\">\n\t\t\t\t\t\t<\/span>\n\t\t<\/div>\n\t\t\t\t\t\t<\/div>\n\t\t\t\t<\/div>\n\t\t\t\t<div class=\"elementor-element elementor-element-b9784d8 elementor-widget elementor-widget-pxl_breadcrumb\" data-id=\"b9784d8\" data-element_type=\"widget\" data-widget_type=\"pxl_breadcrumb.default\">\n\t\t\t\t<div class=\"elementor-widget-container\">\n\t\t\t\t\t<div class=\"pxl-breadcrumb-wrap\">\n\t<ul class=\"pxl-breadcrumb\"><li><span class=\"breadcrumb-entry\">Home<\/span><\/li><\/ul><\/div>\t\t\t\t<\/div>\n\t\t\t\t<\/div>\n\t\t            <\/div>\r\n        <\/div>\r\n        \t\t\t<\/div>\n\t\t<\/section>\n\t\t        <section class=\"elementor-section elementor-top-section elementor-element elementor-element-fa533f7 elementor-section-stretched pxl-row-scroll-fixed elementor-section-boxed elementor-section-height-default elementor-section-height-default pxl-zoom-point-false pxl-section-overflow-visible\" data-id=\"fa533f7\" data-element_type=\"section\" data-settings=\"{&quot;stretch_section&quot;:&quot;section-stretched&quot;}\">\n\n                \n                <div class=\"elementor-container elementor-column-gap-extended\">\n                <div class=\"elementor-column elementor-col-100 elementor-top-column elementor-element elementor-element-71fc56b pxl-column-none pxl-column-overflow-hidden-no\" data-id=\"71fc56b\" data-element_type=\"column\">\r\n        <div class=\"elementor-widget-wrap elementor-element-populated\">\r\n                     \r\n        \t\t<div class=\"elementor-element elementor-element-c7d21a5 elementor-widget elementor-widget-pxl_text_editor\" data-id=\"c7d21a5\" data-element_type=\"widget\" data-widget_type=\"pxl_text_editor.default\">\n\t\t\t\t<div class=\"elementor-widget-container\">\n\t\t\t\t\t<div class=\"pxl-text-editor\">\n\t<div class=\"pxl-item--inner\" data-wow-delay=\"ms\">\n\t\t<h3>Privacy policy<\/h3><h3>1. data protection at a glance<\/h3><p><strong>General information<\/strong><br \/>The following information provides a simple overview of what happens to your personal data when you visit this website. Personal data is any data that can be used to identify you personally. Detailed information can be found in this privacy policy.<\/p><p><strong>Data collection on this website<\/strong><br \/>Data processing is carried out by the website operator. You can find their contact details below. On the one hand, your data is collected when you provide it to us, for example via a contact form. Other data is collected automatically by our IT systems when you visit the website, in particular technical data such as browser, operating system or time the page was accessed.<\/p><p><strong>What do we use your data for?<\/strong><br \/>Some of the data is collected in order to ensure error-free provision of the website. Others can be used to analyze your user behavior.<\/p><p><strong>What rights do you have?<\/strong><br \/>You have the right to receive information about the origin, recipient and purpose of your stored personal data free of charge at any time. You also have the right to request the rectification, restriction or erasure of this data. Many processing operations are only possible with your consent. You can revoke this at any time for the future. You also have the right to lodge a complaint with the competent supervisory authority.<\/p><h3>2. responsible person<\/h3><p>Responsible for data processing on this website is<\/p><p>HELI-FLIGHT JLR gGmbH<br \/>Am Flugplatz<br \/>D-61203 Reichelsheim<br \/>Phone: +49 (6035) 91000<br \/>E-Mail: <a href=\"mailto:info@heli-flight.de\">info@heli-flight.de<\/a><\/p><p>The controller is the natural or legal person who alone or jointly with others determines the purposes and means of the processing of personal data.<\/p><h3>3. hosting<\/h3><p>This website is hosted by the following external provider:<br \/>Host Europe GmbH<br \/>Hansestrasse 111<br \/>51149 Cologne<\/p><p>Personal data collected on this website is stored on the hoster's servers. This may include IP addresses, contact requests, meta and communication data, contract data, contact details, names, website accesses and other data generated via the website.<\/p><p>The hoster is used to fulfill the contract with our potential and existing customers (Art. 6 para. 1 lit. b GDPR) and in the interest of a secure, fast and efficient provision of our online offer by a professional provider (Art. 6 para. 1 lit. f GDPR).<\/p><p>We have concluded an order processing contract with the hoster in order to guarantee data protection-compliant processing.<\/p><h3>4. general information on data processing<\/h3><p>We treat your personal data confidentially and in accordance with the statutory data protection regulations and this privacy policy. We would like to point out that data transmission over the Internet may be subject to security vulnerabilities.<\/p><p><strong>Storage duration<\/strong><br \/>Unless a more specific storage period has been specified in this privacy policy, your personal data will remain with us until the purpose for data processing no longer applies. Statutory retention periods remain unaffected.<\/p><p><strong>Data transfer to third countries<\/strong><br \/>Some tools integrate services from providers in third countries that are not secure under data protection law (e.g. the USA). No level of data protection comparable to that in the EU can be guaranteed for these countries.<\/p><h3>5. your rights<\/h3><p>You have the right to information, correction, deletion or restriction of the processing of your personal data. You can also withdraw your consent at any time. You have the right to data portability. You have the right to object to the processing of your personal data at any time for reasons arising from your particular situation (Art. 21 GDPR). In the event of violations, you have the right to lodge a complaint with the competent supervisory authority.<\/p><h3>6. SSL or TLS encryption<\/h3><p>This site uses SSL or TLS encryption for security reasons and to protect the transmission of confidential content. You can recognize an encrypted connection by the fact that the address line of the browser changes from \u201ehttp:\/\/\u201c to \u201ehttps:\/\/\u201c and by the lock symbol in your browser line. If encryption is activated, transmitted data cannot be read by third parties.<\/p><h3>7. analysis tools and tools from third-party providers<\/h3><p>When you visit this website, your surfing behavior may be statistically evaluated. This is mainly done with analysis programs.<\/p><h3>8. plugins and tools<\/h3><p><strong>YouTube (extended data protection mode)<\/strong><br \/>Our website integrates videos from the YouTube platform (provider: Google Ireland Limited). In extended data protection mode, YouTube does not store any information about visitors before they play a video. However, a connection to the Google servers can still be established. If you are logged into your YouTube account, YouTube can assign your surfing behavior directly to your personal profile.<\/p><p><strong>Vimeo (Do-Not-Track)<\/strong><br \/>This website uses plugins from the video portal Vimeo. The provider is Vimeo Inc, 555 West 18th Street, New York, NY 10011, USA. Vimeo collects your IP address and establishes a connection to its servers. We have configured Vimeo so that your activities are not tracked.<\/p><p><strong>Google Maps<\/strong><br \/>This site uses the map service Google Maps (provider: Google Ireland Limited). Your IP address will be transmitted to Google and possibly transferred to the USA. The use of Google Maps serves the purpose of an appealing presentation of our online offers and an easy findability of the places indicated by us.<\/p><p>Further information on data processing by these providers can be found in their privacy policies:<\/p><ul><li><p>YouTube: <a href=\"https:\/\/policies.google.com\/privacy?hl=de\">https:\/\/policies.google.com\/privacy?hl=de<\/a><\/p><\/li><li><p>Vimeo: <a href=\"https:\/\/vimeo.com\/privacy\">https:\/\/vimeo.com\/privacy<\/a><\/p><\/li><li><p>Google: <a href=\"https:\/\/policies.google.com\/privacy?hl=de\">https:\/\/policies.google.com\/privacy?hl=de<\/a><\/p><\/li><\/ul><h3>9. security of your data<\/h3><p>We secure our systems through technical and organizational measures to protect your data from loss, destruction, unauthorized access or manipulation.<\/p><p><strong>Stand:<\/strong> July 2025<\/p>\t\t\n\t<\/div>\n<\/div>\t\t\t\t<\/div>\n\t\t\t\t<\/div>\n\t\t            <\/div>\r\n        <\/div>\r\n        \t\t\t<\/div>\n\t\t<\/section>\n\t\t\t\t<\/div>","protected":false},"excerpt":{"rendered":"<p>Datenschutzerkl\u00e4rung Home Datenschutzerkl\u00e4rung 1. Datenschutz auf einen Blick Allgemeine HinweiseDie folgenden Hinweise geben einen einfachen \u00dcberblick dar\u00fcber, was mit Ihren personenbezogenen Daten passiert, wenn Sie diese Website besuchen. Personenbezogene Daten sind alle Daten, mit denen Sie pers\u00f6nlich identifiziert werden k\u00f6nnen. Ausf\u00fchrliche Informationen finden Sie in dieser Datenschutzerkl\u00e4rung. Datenerfassung auf dieser WebsiteDie Datenverarbeitung erfolgt durch den [&hellip;]<\/p>","protected":false},"author":1,"featured_media":0,"parent":0,"menu_order":0,"comment_status":"closed","ping_status":"closed","template":"","meta":{"footnotes":""},"class_list":["post-17496","page","type-page","status-publish","hentry"],"_links":{"self":[{"href":"https:\/\/heli-flight.wl2d.net\/en\/wp-json\/wp\/v2\/pages\/17496","targetHints":{"allow":["GET"]}}],"collection":[{"href":"https:\/\/heli-flight.wl2d.net\/en\/wp-json\/wp\/v2\/pages"}],"about":[{"href":"https:\/\/heli-flight.wl2d.net\/en\/wp-json\/wp\/v2\/types\/page"}],"author":[{"embeddable":true,"href":"https:\/\/heli-flight.wl2d.net\/en\/wp-json\/wp\/v2\/users\/1"}],"replies":[{"embeddable":true,"href":"https:\/\/heli-flight.wl2d.net\/en\/wp-json\/wp\/v2\/comments?post=17496"}],"version-history":[{"count":8,"href":"https:\/\/heli-flight.wl2d.net\/en\/wp-json\/wp\/v2\/pages\/17496\/revisions"}],"predecessor-version":[{"id":19731,"href":"https:\/\/heli-flight.wl2d.net\/en\/wp-json\/wp\/v2\/pages\/17496\/revisions\/19731"}],"wp:attachment":[{"href":"https:\/\/heli-flight.wl2d.net\/en\/wp-json\/wp\/v2\/media?parent=17496"}],"curies":[{"name":"wp","href":"https:\/\/api.w.org\/{rel}","templated":true}]}}