{"id":17960,"date":"2025-07-18T13:13:53","date_gmt":"2025-07-18T13:13:53","guid":{"rendered":"https:\/\/heli-flight.wl2d.net\/?page_id=17960"},"modified":"2025-11-06T07:58:25","modified_gmt":"2025-11-06T07:58:25","slug":"barrierefreiheit","status":"publish","type":"page","link":"https:\/\/heli-flight.wl2d.net\/en\/barrierefreiheit\/","title":{"rendered":"Accessibility"},"content":{"rendered":"<div data-elementor-type=\"wp-page\" data-elementor-id=\"17960\" class=\"elementor elementor-17960\" data-elementor-post-type=\"page\">\n\t\t\t\t        <section class=\"elementor-section elementor-top-section elementor-element elementor-element-b2f1f01 elementor-section-stretched elementor-section-boxed elementor-section-height-default elementor-section-height-default pxl-row-scroll-none pxl-zoom-point-false pxl-section-overflow-visible\" data-id=\"b2f1f01\" data-element_type=\"section\" data-settings=\"{&quot;stretch_section&quot;:&quot;section-stretched&quot;,&quot;background_background&quot;:&quot;classic&quot;}\">\n\n                            <div class=\"elementor-background-overlay\"><\/div>\n            \n                <div class=\"elementor-container elementor-column-gap-extended\">\n                <div class=\"elementor-column elementor-col-100 elementor-top-column elementor-element elementor-element-c3fa0cf pxl-column-none pxl-column-overflow-hidden-no\" data-id=\"c3fa0cf\" data-element_type=\"column\">\r\n        <div class=\"elementor-widget-wrap elementor-element-populated\">\r\n                     \r\n        \t\t<div class=\"elementor-element elementor-element-34ec6c8 elementor-widget elementor-widget-pxl_heading\" data-id=\"34ec6c8\" data-element_type=\"widget\" data-widget_type=\"pxl_heading.default\">\n\t\t\t\t<div class=\"elementor-widget-container\">\n\t\t\t\t\t\n<div id=\"pxl-pxl_heading-34ec6c8-5269\" class=\"pxl-heading px-sub-title-default-style\">\n\t<div class=\"pxl-heading--inner\">\n\t\t\n\t\t<h3 class=\"pxl-item--title style-default ft-gt highlight-default\" data-wow-delay=\"ms\">\n\t\t\t\t\t\t\tAccessibility\t\n\t\t\t\t\n\t\t<\/h3>\n\t\t\n\t<\/div>\n<\/div>\t\t\t\t<\/div>\n\t\t\t\t<\/div>\n\t\t\t\t<div class=\"elementor-element elementor-element-1aed319 elementor-widget-divider--view-line elementor-widget elementor-widget-divider\" data-id=\"1aed319\" data-element_type=\"widget\" data-widget_type=\"divider.default\">\n\t\t\t\t<div class=\"elementor-widget-container\">\n\t\t\t\t\t\t\t<div class=\"elementor-divider\">\n\t\t\t<span class=\"elementor-divider-separator\">\n\t\t\t\t\t\t<\/span>\n\t\t<\/div>\n\t\t\t\t\t\t<\/div>\n\t\t\t\t<\/div>\n\t\t\t\t<div class=\"elementor-element elementor-element-614d153 elementor-widget-divider--view-line elementor-widget elementor-widget-divider\" data-id=\"614d153\" data-element_type=\"widget\" data-widget_type=\"divider.default\">\n\t\t\t\t<div class=\"elementor-widget-container\">\n\t\t\t\t\t\t\t<div class=\"elementor-divider\">\n\t\t\t<span class=\"elementor-divider-separator\">\n\t\t\t\t\t\t<\/span>\n\t\t<\/div>\n\t\t\t\t\t\t<\/div>\n\t\t\t\t<\/div>\n\t\t\t\t<div class=\"elementor-element elementor-element-b9784d8 elementor-widget elementor-widget-pxl_breadcrumb\" data-id=\"b9784d8\" data-element_type=\"widget\" data-widget_type=\"pxl_breadcrumb.default\">\n\t\t\t\t<div class=\"elementor-widget-container\">\n\t\t\t\t\t<div class=\"pxl-breadcrumb-wrap\">\n\t<ul class=\"pxl-breadcrumb\"><li><span class=\"breadcrumb-entry\">Home<\/span><\/li><\/ul><\/div>\t\t\t\t<\/div>\n\t\t\t\t<\/div>\n\t\t            <\/div>\r\n        <\/div>\r\n        \t\t\t<\/div>\n\t\t<\/section>\n\t\t        <section class=\"elementor-section elementor-top-section elementor-element elementor-element-fa533f7 elementor-section-stretched pxl-row-scroll-fixed elementor-section-boxed elementor-section-height-default elementor-section-height-default pxl-zoom-point-false pxl-section-overflow-visible\" data-id=\"fa533f7\" data-element_type=\"section\" data-settings=\"{&quot;stretch_section&quot;:&quot;section-stretched&quot;}\">\n\n                \n                <div class=\"elementor-container elementor-column-gap-extended\">\n                <div class=\"elementor-column elementor-col-100 elementor-top-column elementor-element elementor-element-71fc56b pxl-column-none pxl-column-overflow-hidden-no\" data-id=\"71fc56b\" data-element_type=\"column\">\r\n        <div class=\"elementor-widget-wrap elementor-element-populated\">\r\n                     \r\n        \t\t<div class=\"elementor-element elementor-element-c7d21a5 elementor-widget elementor-widget-pxl_text_editor\" data-id=\"c7d21a5\" data-element_type=\"widget\" data-widget_type=\"pxl_text_editor.default\">\n\t\t\t\t<div class=\"elementor-widget-container\">\n\t\t\t\t\t<div class=\"pxl-text-editor\">\n\t<div class=\"pxl-item--inner\" data-wow-delay=\"ms\">\n\t\t<h3 data-start=\"280\" data-end=\"321\">Our claim: A website for everyone<\/h3><p data-start=\"323\" data-end=\"615\">HELI-FLIGHT JLR attaches great importance to barrier-free access to information and services - both online and offline. Our aim is to ensure that all people, regardless of physical or technical limitations, can use our website <strong data-start=\"560\" data-end=\"607\">Simple, convenient and complete use<\/strong> can.<\/p><p data-start=\"617\" data-end=\"912\">This includes ensuring that content is easy to read, structured and also accessible with assistive technologies (e.g. screen readers or voice control). We are constantly working to remove barriers and improve the user-friendliness of our website for all visitors.<\/p><p data-start=\"919\" data-end=\"943\"><strong>Technical implementation<\/strong><\/p><p data-start=\"945\" data-end=\"1197\">The design and development of this website is based on the requirements of the <strong data-start=\"1032\" data-end=\"1092\">Barrier-free Information Technology Ordinance (BITV 2.0)<\/strong> and the international guidelines of the <strong data-start=\"1135\" data-end=\"1196\">Web Content Accessibility Guidelines (WCAG 2.1, Level AA)<\/strong>.<\/p><p data-start=\"1199\" data-end=\"1257\">The measures already implemented include, among others:<\/p><ul data-start=\"1258\" data-end=\"1580\"><li data-start=\"1258\" data-end=\"1322\"><p data-start=\"1260\" data-end=\"1322\">Clear, logical page structure with easy-to-understand navigation<\/p><\/li><li data-start=\"1323\" data-end=\"1377\"><p data-start=\"1325\" data-end=\"1377\">High-contrast text and easy-to-read font sizes<\/p><\/li><li data-start=\"1378\" data-end=\"1423\"><p data-start=\"1380\" data-end=\"1423\">Alternative texts for images and graphics<\/p><\/li><li data-start=\"1424\" data-end=\"1472\"><p data-start=\"1426\" data-end=\"1472\">Keyboard operation of most functions<\/p><\/li><li data-start=\"1473\" data-end=\"1516\"><p data-start=\"1475\" data-end=\"1516\">Responsive design for mobile devices<\/p><\/li><li data-start=\"1517\" data-end=\"1580\"><p data-start=\"1519\" data-end=\"1580\">No unnecessary animations and complex operating elements<\/p><\/li><\/ul><p><strong>Further development and feedback<\/strong><\/p><p data-start=\"1623\" data-end=\"1932\">The accessibility of our website is an ongoing process. When expanding and maintaining our content, we take care to implement new requirements and optimize existing functions. Nevertheless, it may happen that individual content or areas are not yet fully accessible.<\/p><p data-start=\"1934\" data-end=\"2159\">Should you <strong data-start=\"1948\" data-end=\"1971\">Striking barriers<\/strong>, If you experience technical problems or have suggestions for improvement, we would be delighted to hear from you. Any feedback helps us to make our website even more user-friendly.<\/p><p data-start=\"2166\" data-end=\"2211\"><strong>Contact for information on accessibility<\/strong><\/p><p data-start=\"2213\" data-end=\"2237\">You can reach us at:<\/p><p data-start=\"2239\" data-end=\"2374\">Phone: +49 (6035) 91000<br data-start=\"593\" data-end=\"596\" \/>Fax: +49 (6035) 910025<br data-start=\"622\" data-end=\"625\" \/>E-Mail: <a class=\"cursor-pointer\" href=\"mailto:info@heli-flight.de\" rel=\"noopener\" data-start=\"633\" data-end=\"682\">info@heli-flight.de<\/a><br data-start=\"682\" data-end=\"685\" \/>Website: <a class=\"\" href=\"http:\/\/www.heli-flight.de\" target=\"_new\" rel=\"noopener\" data-start=\"694\" data-end=\"741\">www.heli-flight.de<\/a><\/p><p data-start=\"2376\" data-end=\"2470\">We will endeavor to review your comments as quickly as possible and provide you with feedback.<\/p>\t\t\n\t<\/div>\n<\/div>\t\t\t\t<\/div>\n\t\t\t\t<\/div>\n\t\t            <\/div>\r\n        <\/div>\r\n        \t\t\t<\/div>\n\t\t<\/section>\n\t\t\t\t<\/div>","protected":false},"excerpt":{"rendered":"<p>Barrierefreiheit Home Unser Anspruch: Eine Website f\u00fcr alle HELI-FLIGHT JLR legt gro\u00dfen Wert auf einen barrierefreien Zugang zu Informationen und Dienstleistungen \u2013 online wie offline. Unser Ziel ist es, dass alle Menschen, unabh\u00e4ngig von k\u00f6rperlichen oder technischen Einschr\u00e4nkungen, unsere Website einfach, komfortabel und vollst\u00e4ndig nutzen k\u00f6nnen. Dazu z\u00e4hlt unter anderem, dass Inhalte gut lesbar, strukturiert [&hellip;]<\/p>","protected":false},"author":1,"featured_media":0,"parent":0,"menu_order":0,"comment_status":"closed","ping_status":"closed","template":"","meta":{"footnotes":""},"class_list":["post-17960","page","type-page","status-publish","hentry"],"_links":{"self":[{"href":"https:\/\/heli-flight.wl2d.net\/en\/wp-json\/wp\/v2\/pages\/17960","targetHints":{"allow":["GET"]}}],"collection":[{"href":"https:\/\/heli-flight.wl2d.net\/en\/wp-json\/wp\/v2\/pages"}],"about":[{"href":"https:\/\/heli-flight.wl2d.net\/en\/wp-json\/wp\/v2\/types\/page"}],"author":[{"embeddable":true,"href":"https:\/\/heli-flight.wl2d.net\/en\/wp-json\/wp\/v2\/users\/1"}],"replies":[{"embeddable":true,"href":"https:\/\/heli-flight.wl2d.net\/en\/wp-json\/wp\/v2\/comments?post=17960"}],"version-history":[{"count":19,"href":"https:\/\/heli-flight.wl2d.net\/en\/wp-json\/wp\/v2\/pages\/17960\/revisions"}],"predecessor-version":[{"id":19727,"href":"https:\/\/heli-flight.wl2d.net\/en\/wp-json\/wp\/v2\/pages\/17960\/revisions\/19727"}],"wp:attachment":[{"href":"https:\/\/heli-flight.wl2d.net\/en\/wp-json\/wp\/v2\/media?parent=17960"}],"curies":[{"name":"wp","href":"https:\/\/api.w.org\/{rel}","templated":true}]}}